{"id":336,"date":"2022-04-25T11:13:33","date_gmt":"2022-04-25T11:13:33","guid":{"rendered":"https:\/\/siposdental.uzletiweblap.hu\/?page_id=336"},"modified":"2024-09-17T14:45:12","modified_gmt":"2024-09-17T14:45:12","slug":"impresszum","status":"publish","type":"page","link":"https:\/\/www.siposdental.hu\/de\/impresszum\/","title":{"rendered":"Impressum"},"content":{"rendered":"<div data-elementor-type=\"wp-page\" data-elementor-id=\"336\" class=\"elementor elementor-336\">\n\t\t\t\t\t\t\t\t\t<section class=\"elementor-section elementor-top-section elementor-element elementor-element-d0ea4e4 elementor-section-boxed elementor-section-height-default elementor-section-height-default\" data-id=\"d0ea4e4\" data-element_type=\"section\" data-settings=\"{&quot;background_background&quot;:&quot;classic&quot;}\">\n\t\t\t\t\t\t<div class=\"elementor-container elementor-column-gap-default\">\n\t\t\t\t\t<div class=\"elementor-column elementor-col-100 elementor-top-column elementor-element elementor-element-be4d147\" data-id=\"be4d147\" data-element_type=\"column\">\n\t\t\t<div class=\"elementor-widget-wrap elementor-element-populated\">\n\t\t\t\t\t\t\t\t\t<\/div>\n\t\t<\/div>\n\t\t\t\t\t\t\t<\/div>\n\t\t<\/section>\n\t\t\t\t<section class=\"elementor-section elementor-top-section elementor-element elementor-element-96617ec elementor-section-boxed elementor-section-height-default elementor-section-height-default\" data-id=\"96617ec\" data-element_type=\"section\" data-settings=\"{&quot;background_background&quot;:&quot;classic&quot;}\">\n\t\t\t\t\t\t<div class=\"elementor-container elementor-column-gap-default\">\n\t\t\t\t\t<div class=\"elementor-column elementor-col-100 elementor-top-column elementor-element elementor-element-50c6869\" data-id=\"50c6869\" data-element_type=\"column\">\n\t\t\t<div class=\"elementor-widget-wrap elementor-element-populated\">\n\t\t\t\t\t\t\t\t<div class=\"elementor-element elementor-element-7013f65 elementor-widget elementor-widget-text-editor\" data-id=\"7013f65\" data-element_type=\"widget\" data-widget_type=\"text-editor.default\">\n\t\t\t\t<div class=\"elementor-widget-container\">\n\t\t\t<style>\/*! elementor - v3.10.0 - 09-01-2023 *\/\n.elementor-widget-text-editor.elementor-drop-cap-view-stacked .elementor-drop-cap{background-color:#818a91;color:#fff}.elementor-widget-text-editor.elementor-drop-cap-view-framed .elementor-drop-cap{color:#818a91;border:3px solid;background-color:transparent}.elementor-widget-text-editor:not(.elementor-drop-cap-view-default) .elementor-drop-cap{margin-top:8px}.elementor-widget-text-editor:not(.elementor-drop-cap-view-default) .elementor-drop-cap-letter{width:1em;height:1em}.elementor-widget-text-editor .elementor-drop-cap{float:left;text-align:center;line-height:1;font-size:50px}.elementor-widget-text-editor .elementor-drop-cap-letter{display:inline-block}<\/style>\t\t\t\t<p style=\"text-align: center;\"><strong>Name des Unternehmens:<\/strong> SIPOS Zahntechnisches Laboratorium Ltd.<br \/><strong>Titel:<\/strong> 9700 Szombathely, \u00c1rp\u00e1d \u00fat 13.<br \/><strong>Telefon:<\/strong> +36 70 317 38 26.<br \/><strong>E-Mail:<\/strong> gabibenster@gmail.com<br \/><strong>Internet:<\/strong> siposdental.hu<br \/><strong>Die Beh\u00f6rde, die das Unternehmen registriert:<\/strong> Gerichtshof von Szombathely<br \/><strong>Steuernummer: <\/strong>22649579-1-18.<br \/><strong>Kamara:<\/strong> Industrie- und Handelskammer des Bezirks Vas<br \/><strong>Anbieter von gemeinsam genutztem Raum: <\/strong>Sybell Informatika Kft. (1158 Budapest, K\u00e9sm\u00e1rk u. 7\/B 2. Stock 206. - info@sybell.hu)<\/p>\t\t\t\t\t\t<\/div>\n\t\t\t\t<\/div>\n\t\t\t\t\t<\/div>\n\t\t<\/div>\n\t\t\t\t\t\t\t<\/div>\n\t\t<\/section>\n\t\t\t\t\t\t\t<\/div>","protected":false},"excerpt":{"rendered":"<p>Firmenname: SIPOS Fogtechnikai Laborat\u00f3rium Kft.Adresse: 9700 Szombathely, \u00c1rp\u00e1d \u00fat 13.Telefon: +36 70 317 38 26.E-Mail: gabibenster@gmail.comInternet: siposdental.huDas Unternehmen ist bei der Firmenregistrierungsbeh\u00f6rde eingetragen: das Firmengericht des Szombathelyer GerichtsAdressennummer: 22649579-1-18.Handelskammer: die Industrie- und Handelskammer des Komitats VasDienstleister f\u00fcr die Hinterlegung: Sybell Informatika Kft. (1158 Budapest, K\u00e9sm\u00e1rk u. 7\/B 2. Stock 206. - info@sybell.hu)<\/p>","protected":false},"author":1,"featured_media":0,"parent":0,"menu_order":0,"comment_status":"closed","ping_status":"closed","template":"elementor_header_footer","meta":{"footnotes":""},"class_list":["post-336","page","type-page","status-publish"],"yoast_head":"<!-- This site is optimized with the Yoast SEO plugin v21.1 - https:\/\/yoast.com\/wordpress\/plugins\/seo\/ -->\n<title>Impresszum - Sipos Fogtechnikai Laborat\u00f3rium<\/title>\n<meta name=\"robots\" content=\"index, follow, max-snippet:-1, max-image-preview:large, max-video-preview:-1\" \/>\n<link rel=\"canonical\" href=\"https:\/\/www.siposdental.hu\/de\/impresszum\/\" \/>\n<meta property=\"og:locale\" content=\"de_DE\" \/>\n<meta property=\"og:type\" content=\"article\" \/>\n<meta property=\"og:title\" content=\"Impresszum - Sipos Fogtechnikai Laborat\u00f3rium\" \/>\n<meta property=\"og:description\" content=\"V\u00e1llalkoz\u00e1s neve: SIPOS Fogtechnikai Laborat\u00f3rium Kft.C\u00edm: 9700 Szombathely, \u00c1rp\u00e1d \u00fat 13.Telefon: +36 70 317 38 26.E-mail: gabibenster@gmail.comInternet: siposdental.huA v\u00e1llalkoz\u00e1st bejegyz\u0151 hat\u00f3s\u00e1g: Szombathelyi T\u00f6rv\u00e9nysz\u00e9k C\u00e9gb\u00edr\u00f3s\u00e1gaAd\u00f3sz\u00e1m: 22649579-1-18.Kamara: Vas Megyei Kereskedelmi \u00e9s IparkamaraT\u00e1rhelyszolg\u00e1ltat\u00f3: Sybell Informatika Kft. (1158 Budapest, K\u00e9sm\u00e1rk u. 7\/B 2. em. 206. \u2013 info@sybell.hu)\" \/>\n<meta property=\"og:url\" content=\"https:\/\/www.siposdental.hu\/de\/impresszum\/\" \/>\n<meta property=\"og:site_name\" content=\"Sipos Fogtechnikai Laborat\u00f3rium\" \/>\n<meta property=\"article:publisher\" content=\"https:\/\/www.facebook.com\/profile.php?id=100054642780599\" \/>\n<meta property=\"article:modified_time\" content=\"2024-09-17T14:45:12+00:00\" \/>\n<meta property=\"og:image\" content=\"https:\/\/www.siposdental.hu\/wp-content\/uploads\/2022\/04\/sipos-logo-teljes.png\" \/>\n\t<meta property=\"og:image:width\" content=\"1759\" \/>\n\t<meta property=\"og:image:height\" content=\"947\" \/>\n\t<meta property=\"og:image:type\" content=\"image\/png\" \/>\n<meta name=\"twitter:card\" content=\"summary_large_image\" \/>\n<meta name=\"twitter:label1\" content=\"Gesch\u00e4tzte Lesezeit\" \/>\n\t<meta name=\"twitter:data1\" content=\"1\u00a0Minute\" \/>\n<script type=\"application\/ld+json\" class=\"yoast-schema-graph\">{\"@context\":\"https:\/\/schema.org\",\"@graph\":[{\"@type\":\"WebPage\",\"@id\":\"https:\/\/www.siposdental.hu\/impresszum\/\",\"url\":\"https:\/\/www.siposdental.hu\/impresszum\/\",\"name\":\"Impresszum - Sipos Fogtechnikai Laborat\u00f3rium\",\"isPartOf\":{\"@id\":\"https:\/\/www.siposdental.hu\/#website\"},\"datePublished\":\"2022-04-25T11:13:33+00:00\",\"dateModified\":\"2024-09-17T14:45:12+00:00\",\"breadcrumb\":{\"@id\":\"https:\/\/www.siposdental.hu\/impresszum\/#breadcrumb\"},\"inLanguage\":\"de\",\"potentialAction\":[{\"@type\":\"ReadAction\",\"target\":[\"https:\/\/www.siposdental.hu\/impresszum\/\"]}]},{\"@type\":\"BreadcrumbList\",\"@id\":\"https:\/\/www.siposdental.hu\/impresszum\/#breadcrumb\",\"itemListElement\":[{\"@type\":\"ListItem\",\"position\":1,\"name\":\"Home\",\"item\":\"https:\/\/www.siposdental.hu\/\"},{\"@type\":\"ListItem\",\"position\":2,\"name\":\"Impresszum\"}]},{\"@type\":\"WebSite\",\"@id\":\"https:\/\/www.siposdental.hu\/#website\",\"url\":\"https:\/\/www.siposdental.hu\/\",\"name\":\"Sipos Fogtechnikai Laborat\u00f3rium\",\"description\":\"Fogtechnika Szombathely\",\"publisher\":{\"@id\":\"https:\/\/www.siposdental.hu\/#organization\"},\"potentialAction\":[{\"@type\":\"SearchAction\",\"target\":{\"@type\":\"EntryPoint\",\"urlTemplate\":\"https:\/\/www.siposdental.hu\/?s={search_term_string}\"},\"query-input\":\"required name=search_term_string\"}],\"inLanguage\":\"de\"},{\"@type\":\"Organization\",\"@id\":\"https:\/\/www.siposdental.hu\/#organization\",\"name\":\"Sipos Fogtechnikai Laborat\u00f3rium Kft.\",\"url\":\"https:\/\/www.siposdental.hu\/\",\"logo\":{\"@type\":\"ImageObject\",\"inLanguage\":\"de\",\"@id\":\"https:\/\/www.siposdental.hu\/#\/schema\/logo\/image\/\",\"url\":\"https:\/\/www.siposdental.hu\/wp-content\/uploads\/2022\/04\/sipos-logo-teljes.png\",\"contentUrl\":\"https:\/\/www.siposdental.hu\/wp-content\/uploads\/2022\/04\/sipos-logo-teljes.png\",\"width\":1759,\"height\":947,\"caption\":\"Sipos Fogtechnikai Laborat\u00f3rium Kft.\"},\"image\":{\"@id\":\"https:\/\/www.siposdental.hu\/#\/schema\/logo\/image\/\"},\"sameAs\":[\"https:\/\/www.facebook.com\/profile.php?id=100054642780599\"]}]}<\/script>\n<!-- \/ Yoast SEO plugin. -->","yoast_head_json":{"title":"Impresszum - Sipos Fogtechnikai Laborat\u00f3rium","robots":{"index":"index","follow":"follow","max-snippet":"max-snippet:-1","max-image-preview":"max-image-preview:large","max-video-preview":"max-video-preview:-1"},"canonical":"https:\/\/www.siposdental.hu\/de\/impresszum\/","og_locale":"de_DE","og_type":"article","og_title":"Impresszum - Sipos Fogtechnikai Laborat\u00f3rium","og_description":"V\u00e1llalkoz\u00e1s neve: SIPOS Fogtechnikai Laborat\u00f3rium Kft.C\u00edm: 9700 Szombathely, \u00c1rp\u00e1d \u00fat 13.Telefon: +36 70 317 38 26.E-mail: gabibenster@gmail.comInternet: siposdental.huA v\u00e1llalkoz\u00e1st bejegyz\u0151 hat\u00f3s\u00e1g: Szombathelyi T\u00f6rv\u00e9nysz\u00e9k C\u00e9gb\u00edr\u00f3s\u00e1gaAd\u00f3sz\u00e1m: 22649579-1-18.Kamara: Vas Megyei Kereskedelmi \u00e9s IparkamaraT\u00e1rhelyszolg\u00e1ltat\u00f3: Sybell Informatika Kft. (1158 Budapest, K\u00e9sm\u00e1rk u. 7\/B 2. em. 206. \u2013 info@sybell.hu)","og_url":"https:\/\/www.siposdental.hu\/de\/impresszum\/","og_site_name":"Sipos Fogtechnikai Laborat\u00f3rium","article_publisher":"https:\/\/www.facebook.com\/profile.php?id=100054642780599","article_modified_time":"2024-09-17T14:45:12+00:00","og_image":[{"width":1759,"height":947,"url":"https:\/\/www.siposdental.hu\/wp-content\/uploads\/2022\/04\/sipos-logo-teljes.png","type":"image\/png"}],"twitter_card":"summary_large_image","twitter_misc":{"Gesch\u00e4tzte Lesezeit":"1\u00a0Minute"},"schema":{"@context":"https:\/\/schema.org","@graph":[{"@type":"WebPage","@id":"https:\/\/www.siposdental.hu\/impresszum\/","url":"https:\/\/www.siposdental.hu\/impresszum\/","name":"Impresszum - Sipos Fogtechnikai Laborat\u00f3rium","isPartOf":{"@id":"https:\/\/www.siposdental.hu\/#website"},"datePublished":"2022-04-25T11:13:33+00:00","dateModified":"2024-09-17T14:45:12+00:00","breadcrumb":{"@id":"https:\/\/www.siposdental.hu\/impresszum\/#breadcrumb"},"inLanguage":"de","potentialAction":[{"@type":"ReadAction","target":["https:\/\/www.siposdental.hu\/impresszum\/"]}]},{"@type":"BreadcrumbList","@id":"https:\/\/www.siposdental.hu\/impresszum\/#breadcrumb","itemListElement":[{"@type":"ListItem","position":1,"name":"Home","item":"https:\/\/www.siposdental.hu\/"},{"@type":"ListItem","position":2,"name":"Impresszum"}]},{"@type":"WebSite","@id":"https:\/\/www.siposdental.hu\/#website","url":"https:\/\/www.siposdental.hu\/","name":"Sipos Fogtechnikai Laborat\u00f3rium","description":"Fogtechnika Szombathely","publisher":{"@id":"https:\/\/www.siposdental.hu\/#organization"},"potentialAction":[{"@type":"SearchAction","target":{"@type":"EntryPoint","urlTemplate":"https:\/\/www.siposdental.hu\/?s={search_term_string}"},"query-input":"required name=search_term_string"}],"inLanguage":"de"},{"@type":"Organization","@id":"https:\/\/www.siposdental.hu\/#organization","name":"Sipos Fogtechnikai Laborat\u00f3rium Kft.","url":"https:\/\/www.siposdental.hu\/","logo":{"@type":"ImageObject","inLanguage":"de","@id":"https:\/\/www.siposdental.hu\/#\/schema\/logo\/image\/","url":"https:\/\/www.siposdental.hu\/wp-content\/uploads\/2022\/04\/sipos-logo-teljes.png","contentUrl":"https:\/\/www.siposdental.hu\/wp-content\/uploads\/2022\/04\/sipos-logo-teljes.png","width":1759,"height":947,"caption":"Sipos Fogtechnikai Laborat\u00f3rium Kft."},"image":{"@id":"https:\/\/www.siposdental.hu\/#\/schema\/logo\/image\/"},"sameAs":["https:\/\/www.facebook.com\/profile.php?id=100054642780599"]}]}},"_links":{"self":[{"href":"https:\/\/www.siposdental.hu\/de\/wp-json\/wp\/v2\/pages\/336","targetHints":{"allow":["GET"]}}],"collection":[{"href":"https:\/\/www.siposdental.hu\/de\/wp-json\/wp\/v2\/pages"}],"about":[{"href":"https:\/\/www.siposdental.hu\/de\/wp-json\/wp\/v2\/types\/page"}],"author":[{"embeddable":true,"href":"https:\/\/www.siposdental.hu\/de\/wp-json\/wp\/v2\/users\/1"}],"replies":[{"embeddable":true,"href":"https:\/\/www.siposdental.hu\/de\/wp-json\/wp\/v2\/comments?post=336"}],"version-history":[{"count":40,"href":"https:\/\/www.siposdental.hu\/de\/wp-json\/wp\/v2\/pages\/336\/revisions"}],"predecessor-version":[{"id":571,"href":"https:\/\/www.siposdental.hu\/de\/wp-json\/wp\/v2\/pages\/336\/revisions\/571"}],"wp:attachment":[{"href":"https:\/\/www.siposdental.hu\/de\/wp-json\/wp\/v2\/media?parent=336"}],"curies":[{"name":"wp","href":"https:\/\/api.w.org\/{rel}","templated":true}]}}